{"id":510,"date":"2023-10-21T22:12:26","date_gmt":"2023-10-21T22:12:26","guid":{"rendered":"https:\/\/shopcoolmom.com\/?page_id=510"},"modified":"2023-10-21T22:30:49","modified_gmt":"2023-10-21T22:30:49","slug":"envio-devolucoes","status":"publish","type":"page","link":"https:\/\/shopcoolmom.com\/index.php\/envio-devolucoes\/","title":{"rendered":"Envio &#038; Devolu\u00e7\u00f5es"},"content":{"rendered":"\t\t<div data-elementor-type=\"wp-page\" data-elementor-id=\"510\" class=\"elementor elementor-510\" data-elementor-post-type=\"page\">\n\t\t\t\t<div class=\"elementor-element elementor-element-2cae5493 e-flex e-con-boxed e-con e-parent\" data-id=\"2cae5493\" data-element_type=\"container\">\n\t\t\t\t\t<div class=\"e-con-inner\">\n\t\t<div class=\"elementor-element elementor-element-5c983ac9 e-con-full e-flex e-con e-child\" data-id=\"5c983ac9\" data-element_type=\"container\">\n\t\t\t\t<div class=\"elementor-element elementor-element-267193db elementor-widget elementor-widget-heading\" data-id=\"267193db\" data-element_type=\"widget\" data-widget_type=\"heading.default\">\n\t\t\t\t<div class=\"elementor-widget-container\">\n\t\t\t\t\t<h2 class=\"elementor-heading-title elementor-size-default\">Envio &amp; devolu\u00e7\u00f5es<\/h2>\t\t\t\t<\/div>\n\t\t\t\t<\/div>\n\t\t\t\t<div class=\"elementor-element elementor-element-3023b9ef elementor-icon-list--layout-traditional elementor-list-item-link-full_width elementor-widget elementor-widget-icon-list\" data-id=\"3023b9ef\" data-element_type=\"widget\" data-widget_type=\"icon-list.default\">\n\t\t\t\t<div class=\"elementor-widget-container\">\n\t\t\t\t\t\t\t<ul class=\"elementor-icon-list-items\">\n\t\t\t\t\t\t\t<li class=\"elementor-icon-list-item\">\n\t\t\t\t\t\t\t\t\t\t\t<span class=\"elementor-icon-list-icon\">\n\t\t\t\t\t\t\t<i aria-hidden=\"true\" class=\"fas fa-square-full\"><\/i>\t\t\t\t\t\t<\/span>\n\t\t\t\t\t\t\t\t\t\t<span class=\"elementor-icon-list-text\">ENVIO<\/span>\n\t\t\t\t\t\t\t\t\t<\/li>\n\t\t\t\t\t\t<\/ul>\n\t\t\t\t\t\t<\/div>\n\t\t\t\t<\/div>\n\t\t\t\t<div class=\"elementor-element elementor-element-2edfc2cb elementor-widget elementor-widget-text-editor\" data-id=\"2edfc2cb\" data-element_type=\"widget\" data-widget_type=\"text-editor.default\">\n\t\t\t\t<div class=\"elementor-widget-container\">\n\t\t\t\t\t\t\t\t\t<p>As despesas de envio s\u00e3o as seguintes:<\/p><p>PORTUGAL (Continental e Ilhas) &#8211; 4,90\u20ac<\/p><p>EUROPA &#8211; 8,80\u20ac<\/p><p>\u00a0<\/p>\t\t\t\t\t\t\t\t<\/div>\n\t\t\t\t<\/div>\n\t\t\t\t<div class=\"elementor-element elementor-element-5b8f34da elementor-icon-list--layout-traditional elementor-list-item-link-full_width elementor-widget elementor-widget-icon-list\" data-id=\"5b8f34da\" data-element_type=\"widget\" data-widget_type=\"icon-list.default\">\n\t\t\t\t<div class=\"elementor-widget-container\">\n\t\t\t\t\t\t\t<ul class=\"elementor-icon-list-items\">\n\t\t\t\t\t\t\t<li class=\"elementor-icon-list-item\">\n\t\t\t\t\t\t\t\t\t\t\t<span class=\"elementor-icon-list-icon\">\n\t\t\t\t\t\t\t<i aria-hidden=\"true\" class=\"fas fa-square-full\"><\/i>\t\t\t\t\t\t<\/span>\n\t\t\t\t\t\t\t\t\t\t<span class=\"elementor-icon-list-text\">M\u00c9TODOS DE PAGAMENTO<\/span>\n\t\t\t\t\t\t\t\t\t<\/li>\n\t\t\t\t\t\t<\/ul>\n\t\t\t\t\t\t<\/div>\n\t\t\t\t<\/div>\n\t\t\t\t<div class=\"elementor-element elementor-element-720d09f5 elementor-widget elementor-widget-text-editor\" data-id=\"720d09f5\" data-element_type=\"widget\" data-widget_type=\"text-editor.default\">\n\t\t\t\t<div class=\"elementor-widget-container\">\n\t\t\t\t\t\t\t\t\t<p class=\"p1\">A COOLMOM disponibiliza-lhe os seguintes m\u00e9todos de pagamento:<\/p><p class=\"p1\"><b>MBWAY &#8211;\u00a0<\/b>indicar qual o contacto de telem\u00f3vel que vai realizar o pagamento e receber\u00e1 uma notifica\u00e7\u00e3o para confirma\u00e7\u00e3o do pagamento, que \u00e9 v\u00e1lida apenas durante alguns minutos.<\/p><p class=\"p1\"><b>Transfer\u00eancia Banc\u00e1ria<\/b>\u2013 Pode pagar a sua encomenda atrav\u00e9s de transfer\u00eancia banc\u00e1ria. Os dados ser-lhe-\u00e3o fornecidos no final, ap\u00f3s selecionar este modo de pagamento. Posteriormente, dever\u00e1 enviar-nos o comprovativo por e-mail, para hello@shopcoolmom.com, para que consigamos confirmar o pagamento e proceder com o envio da encomenda.<\/p><p class=\"p1\"><b>Refer\u00eancia Multibanco<\/b>\u00a0\u2013 Pode tamb\u00e9m efetuar o pagamento por refer\u00eancia multibanco. Para realizar o pagamento, basta selecionar a opera\u00e7\u00e3o e introduzir a entidade, refer\u00eancia e montante fornecidos por n\u00f3s. O prazo para pagamento \u00e9 de 72h. O tal\u00e3o da opera\u00e7\u00e3o serve de comprovativo de pagamento.<\/p>\t\t\t\t\t\t\t\t<\/div>\n\t\t\t\t<\/div>\n\t\t\t\t<div class=\"elementor-element elementor-element-600a2472 elementor-icon-list--layout-traditional elementor-list-item-link-full_width elementor-widget elementor-widget-icon-list\" data-id=\"600a2472\" data-element_type=\"widget\" data-widget_type=\"icon-list.default\">\n\t\t\t\t<div class=\"elementor-widget-container\">\n\t\t\t\t\t\t\t<ul class=\"elementor-icon-list-items\">\n\t\t\t\t\t\t\t<li class=\"elementor-icon-list-item\">\n\t\t\t\t\t\t\t\t\t\t\t<span class=\"elementor-icon-list-icon\">\n\t\t\t\t\t\t\t<i aria-hidden=\"true\" class=\"fas fa-square-full\"><\/i>\t\t\t\t\t\t<\/span>\n\t\t\t\t\t\t\t\t\t\t<span class=\"elementor-icon-list-text\">CONFIRMA\u00c7\u00c3O OU CANCELAMENTO<\/span>\n\t\t\t\t\t\t\t\t\t<\/li>\n\t\t\t\t\t\t<\/ul>\n\t\t\t\t\t\t<\/div>\n\t\t\t\t<\/div>\n\t\t\t\t<div class=\"elementor-element elementor-element-4f58f55 elementor-widget elementor-widget-text-editor\" data-id=\"4f58f55\" data-element_type=\"widget\" data-widget_type=\"text-editor.default\">\n\t\t\t\t<div class=\"elementor-widget-container\">\n\t\t\t\t\t\t\t\t\t<p class=\"p1\">Ap\u00f3s efetuar a sua compra, o Cliente receber\u00e1 um e-mail autom\u00e1tico a confirmar a transa\u00e7\u00e3o que dever\u00e1 ser impresso ou guardado para refer\u00eancia futura.<\/p><p class=\"p1\">A sua encomenda apenas ser\u00e1 processada ap\u00f3s a confirma\u00e7\u00e3o do respetivo pagamento. Em caso de n\u00e3o pagamento ou de incumprimento ou n\u00e3o confirma\u00e7\u00e3o das presentes Condi\u00e7\u00f5es Gerais, a COOLMOM reserva-se o direito de n\u00e3o aceitar a encomenda do cliente, ou de cancel\u00e1-la, mesmo depois da confirma\u00e7\u00e3o autom\u00e1tica da mesma.<\/p><p class=\"p1\">A COOLMOM reserva-se o direito de n\u00e3o confirmar e\/ou proceder \u00e0 entrega dos produtos da encomenda efetuada pelo Cliente, independentemente do motivo e isenta de responsabilidade por quaisquer danos ou custos, se:<\/p><p class=\"p1\">\u2013 surgir qualquer acontecimento imprevis\u00edvel ou altera\u00e7\u00e3o \u00e0s circunst\u00e2ncias atuais que possa afetar a produ\u00e7\u00e3o, o transporte e respetivos custos, ou que provoque subidas anormais de pre\u00e7os de mat\u00e9rias-primas;<\/p><p class=\"p1\">\u2013 se, por algum motivo, for imposs\u00edvel a boa cobran\u00e7a e o recebimento do respetivo pagamento;<\/p><p class=\"p1\">\u2013 se os produtos encomendados j\u00e1 n\u00e3o se encontrarem dispon\u00edveis;<\/p><p class=\"p1\">\u2013 se a encomenda tiver sido efetuada com erros nos dados imprescind\u00edveis para a entrega da encomenda;<\/p><p class=\"p1\">\u2013 se a encomenda for sinalizada pelos sistemas de seguran\u00e7a do website como uma encomenda incorreta, irregular e\/ou considerada fraude.<\/p><p class=\"p1\">Em qualquer dos casos referidos, a COOLMOM informar\u00e1 o Cliente por e-mail sobre tal situa\u00e7\u00e3o de impossibilidade de confirma\u00e7\u00e3o da venda e sobre o consequente cancelamento da encomenda, devolvendo o valor pago pelos artigos.<\/p>\t\t\t\t\t\t\t\t<\/div>\n\t\t\t\t<\/div>\n\t\t\t\t<div class=\"elementor-element elementor-element-8d76274 elementor-icon-list--layout-traditional elementor-list-item-link-full_width elementor-widget elementor-widget-icon-list\" data-id=\"8d76274\" data-element_type=\"widget\" data-widget_type=\"icon-list.default\">\n\t\t\t\t<div class=\"elementor-widget-container\">\n\t\t\t\t\t\t\t<ul class=\"elementor-icon-list-items\">\n\t\t\t\t\t\t\t<li class=\"elementor-icon-list-item\">\n\t\t\t\t\t\t\t\t\t\t\t<span class=\"elementor-icon-list-icon\">\n\t\t\t\t\t\t\t<i aria-hidden=\"true\" class=\"fas fa-square-full\"><\/i>\t\t\t\t\t\t<\/span>\n\t\t\t\t\t\t\t\t\t\t<span class=\"elementor-icon-list-text\">ENTREGA E PRAZOS DE ENTREGA<\/span>\n\t\t\t\t\t\t\t\t\t<\/li>\n\t\t\t\t\t\t<\/ul>\n\t\t\t\t\t\t<\/div>\n\t\t\t\t<\/div>\n\t\t\t\t<div class=\"elementor-element elementor-element-7367056 elementor-widget elementor-widget-text-editor\" data-id=\"7367056\" data-element_type=\"widget\" data-widget_type=\"text-editor.default\">\n\t\t\t\t<div class=\"elementor-widget-container\">\n\t\t\t\t\t\t\t\t\t<p class=\"p1\">Nos casos em que o Cliente opte pelo servi\u00e7o de Transporte, o mesmo \u00e9 assegurado por MRW ou CTT.<\/p><p class=\"p1\">No caso de pretender apresentar alguma reclama\u00e7\u00e3o relacionada com a descarga dever\u00e1 ser dirigida por e-mail \u00e0 MRW ou aos CTT e complementada com fotografias que comprovem a mesma.<\/p><p class=\"p1\"><span class=\"s1\"><b>Prazos de Entrega<\/b><\/span><\/p><p class=\"p1\">Salvo alguma situa\u00e7\u00e3o excecional, os artigos ser\u00e3o entregues no prazo m\u00e1ximo de 12 dias \u00fateis ap\u00f3s a formaliza\u00e7\u00e3o da encomenda. No caso da ocorr\u00eancia de atraso por motivos de for\u00e7a maior, a COOLMOM compromete-se a informar o Cliente e fazer os melhores esfor\u00e7os para resolver rapidamente a situa\u00e7\u00e3o.<\/p><p class=\"p1\">\u00a0<\/p>\t\t\t\t\t\t\t\t<\/div>\n\t\t\t\t<\/div>\n\t\t\t\t<div class=\"elementor-element elementor-element-1238a422 elementor-widget elementor-widget-heading\" data-id=\"1238a422\" data-element_type=\"widget\" id=\"Returns&amp;Exchange\" data-widget_type=\"heading.default\">\n\t\t\t\t<div class=\"elementor-widget-container\">\n\t\t\t\t\t<h2 class=\"elementor-heading-title elementor-size-default\">TROCAS, DEVOU\u00c7\u00d5ES &amp; RECLAMA\u00c7\u00d5ES<\/h2>\t\t\t\t<\/div>\n\t\t\t\t<\/div>\n\t\t\t\t<div class=\"elementor-element elementor-element-c43c477 elementor-icon-list--layout-traditional elementor-list-item-link-full_width elementor-widget elementor-widget-icon-list\" data-id=\"c43c477\" data-element_type=\"widget\" data-widget_type=\"icon-list.default\">\n\t\t\t\t<div class=\"elementor-widget-container\">\n\t\t\t\t\t\t\t<ul class=\"elementor-icon-list-items\">\n\t\t\t\t\t\t\t<li class=\"elementor-icon-list-item\">\n\t\t\t\t\t\t\t\t\t\t\t<span class=\"elementor-icon-list-icon\">\n\t\t\t\t\t\t\t<i aria-hidden=\"true\" class=\"fas fa-square-full\"><\/i>\t\t\t\t\t\t<\/span>\n\t\t\t\t\t\t\t\t\t\t<span class=\"elementor-icon-list-text\">TROCAS<\/span>\n\t\t\t\t\t\t\t\t\t<\/li>\n\t\t\t\t\t\t<\/ul>\n\t\t\t\t\t\t<\/div>\n\t\t\t\t<\/div>\n\t\t\t\t<div class=\"elementor-element elementor-element-7ac07730 elementor-widget elementor-widget-text-editor\" data-id=\"7ac07730\" data-element_type=\"widget\" data-widget_type=\"text-editor.default\">\n\t\t\t\t<div class=\"elementor-widget-container\">\n\t\t\t\t\t\t\t\t\t<p class=\"p1\">O cliente tem 14 dias corridos ap\u00f3s recep\u00e7\u00e3o da sua encomenda para trocar ou devolver o seu artigo, sem ter que justificar o motivo para o mesmo.<\/p><p class=\"p1\">Para efectuar a sua troca deve contactar por email para hello@shopcoolmom.com e aguardar as nossas instru\u00e7\u00f5es.<\/p><p class=\"p1\">O artigo dever\u00e1 estar nas mesmas condi\u00e7\u00f5es que foi recebido, com etiquetas e dever\u00e1 ser colocado numa embalagem\/saco fechado.<\/p><p class=\"p1\">O custo do servi\u00e7o de troca \u00e9 de 4,90\u20ac (Portugal). Caso o motivo da troca seja responsabilidade da COOLMOM, a marca assume o custo do servi\u00e7o.<\/p><p class=\"p1\">N\u00e3o deve enviar a sua encomenda de volta para n\u00f3s sem a nossa indica\u00e7\u00e3o, pelo que n\u00e3o nos responsabilizaremos pela n\u00e3o chegada da mesma.<\/p>\t\t\t\t\t\t\t\t<\/div>\n\t\t\t\t<\/div>\n\t\t\t\t<div class=\"elementor-element elementor-element-b03dcdb elementor-icon-list--layout-traditional elementor-list-item-link-full_width elementor-widget elementor-widget-icon-list\" data-id=\"b03dcdb\" data-element_type=\"widget\" data-widget_type=\"icon-list.default\">\n\t\t\t\t<div class=\"elementor-widget-container\">\n\t\t\t\t\t\t\t<ul class=\"elementor-icon-list-items\">\n\t\t\t\t\t\t\t<li class=\"elementor-icon-list-item\">\n\t\t\t\t\t\t\t\t\t\t\t<span class=\"elementor-icon-list-icon\">\n\t\t\t\t\t\t\t<i aria-hidden=\"true\" class=\"fas fa-square-full\"><\/i>\t\t\t\t\t\t<\/span>\n\t\t\t\t\t\t\t\t\t\t<span class=\"elementor-icon-list-text\">DEVOLU\u00c7\u00d5ES<\/span>\n\t\t\t\t\t\t\t\t\t<\/li>\n\t\t\t\t\t\t<\/ul>\n\t\t\t\t\t\t<\/div>\n\t\t\t\t<\/div>\n\t\t\t\t<div class=\"elementor-element elementor-element-1edb4f46 elementor-widget elementor-widget-text-editor\" data-id=\"1edb4f46\" data-element_type=\"widget\" data-widget_type=\"text-editor.default\">\n\t\t\t\t<div class=\"elementor-widget-container\">\n\t\t\t\t\t\t\t\t\t<p class=\"p1\">O cliente tem 14 dias corridos ap\u00f3s recep\u00e7\u00e3o da sua encomenda para trocar ou devolver o seu artigo, sem ter que justificar o motivo para o mesmo.<\/p><p class=\"p1\">Para efectuar a sua troca deve contactar por email para hello@shopcoolmom.com e aguardar as nossas instru\u00e7\u00f5es.<\/p><p class=\"p1\">O artigo dever\u00e1 estar nas mesmas condi\u00e7\u00f5es que foi recebido, com etiquetas e dever\u00e1 ser colocado numa embalagem\/saco fechado.<\/p><p class=\"p1\">Apenas o valor das pe\u00e7as \u00e9 devolvido e o reembolso \u00e9 efectuado por transfer\u00eancia banc\u00e1ria para o IBAN que o cliente indicar.<\/p><p class=\"p1\">O custo do servi\u00e7o de devolu\u00e7\u00e3o \u00e9 de 4,90\u20ac (Portugal). Caso o motivo da devolu\u00e7\u00e3o seja responsabilidade da COOLMOM, a marca assume o custo do servi\u00e7o.<\/p>\t\t\t\t\t\t\t\t<\/div>\n\t\t\t\t<\/div>\n\t\t\t\t<div class=\"elementor-element elementor-element-71ceb26 elementor-icon-list--layout-traditional elementor-list-item-link-full_width elementor-widget elementor-widget-icon-list\" data-id=\"71ceb26\" data-element_type=\"widget\" data-widget_type=\"icon-list.default\">\n\t\t\t\t<div class=\"elementor-widget-container\">\n\t\t\t\t\t\t\t<ul class=\"elementor-icon-list-items\">\n\t\t\t\t\t\t\t<li class=\"elementor-icon-list-item\">\n\t\t\t\t\t\t\t\t\t\t\t<span class=\"elementor-icon-list-icon\">\n\t\t\t\t\t\t\t<i aria-hidden=\"true\" class=\"fas fa-square-full\"><\/i>\t\t\t\t\t\t<\/span>\n\t\t\t\t\t\t\t\t\t\t<span class=\"elementor-icon-list-text\">RECLAMA\u00c7\u00d5ES<\/span>\n\t\t\t\t\t\t\t\t\t<\/li>\n\t\t\t\t\t\t<\/ul>\n\t\t\t\t\t\t<\/div>\n\t\t\t\t<\/div>\n\t\t\t\t<div class=\"elementor-element elementor-element-35346f0a elementor-widget elementor-widget-text-editor\" data-id=\"35346f0a\" data-element_type=\"widget\" data-widget_type=\"text-editor.default\">\n\t\t\t\t<div class=\"elementor-widget-container\">\n\t\t\t\t\t\t\t\t\t<p class=\"p1\">Nos termos da legisla\u00e7\u00e3o em vigor, em caso de falta de conformidade do bem com o contrato, o consumidor tem direito a que este seja reposto sem encargos, por meio de repara\u00e7\u00e3o ou de substitui\u00e7\u00e3o, \u00e0 redu\u00e7\u00e3o adequada do pre\u00e7o ou \u00e0 resolu\u00e7\u00e3o do contrato. O consumidor deve comunicar a falta de conformidade no prazo m\u00e1ximo de dois meses ap\u00f3s a sua dete\u00e7\u00e3o e pode exercer os direitos descritos quando a falta de conformidade se manifestar dentro de um prazo de at\u00e9 dois anos ap\u00f3s da entrega do bem.<\/p><p class=\"p1\">Nos termos da legisla\u00e7\u00e3o em vigor, em caso de falta de conformidade do bem com o contrato, o consumidor tem direito a que este seja reposto sem encargos, por meio de repara\u00e7\u00e3o ou de substitui\u00e7\u00e3o, \u00e0 redu\u00e7\u00e3o adequada do pre\u00e7o ou \u00e0 resolu\u00e7\u00e3o do contrato. O consumidor deve comunicar a falta de conformidade no prazo m\u00e1ximo de dois meses ap\u00f3s a sua dete\u00e7\u00e3o e pode exercer os direitos descritos quando a falta de conformidade se manifestar dentro de um prazo de at\u00e9 dois anos ap\u00f3s da entrega do bem.<\/p><p class=\"p1\">O Cliente poder\u00e1 proceder \u00e0 livre resolu\u00e7\u00e3o do contrato de compra e venda dos produtos, sem que haja lugar ao pagamento de qualquer indemniza\u00e7\u00e3o e sem necessidade de invoca\u00e7\u00e3o de qualquer motivo, no prazo de\u00a0<b>14 dias\u00a0<\/b>ap\u00f3s posse f\u00edsica dos bens. Ser\u00e1 reembolsado pelo valor pago pelos produtos encomendados, e as despesas de devolu\u00e7\u00e3o destes dever\u00e3o ser suportadas pelo Cliente. Poder\u00e1 exercer o seu direito \u00e0 livre resolu\u00e7\u00e3o do contrato preenchendo o seguinte:<\/p><p class=\"p1\"><i>\u00ab Modelo de formul\u00e1rio de livre resolu\u00e7\u00e3o<\/i><\/p><p class=\"p1\"><i>(s\u00f3 deve preencher e devolver o presente formul\u00e1rio se quiser resolver o contrato)<\/i><\/p><p class=\"p1\"><i>\u2014 Para [inserir aqui o nome, o endere\u00e7o geogr\u00e1fico e, eventualmente, o n\u00famero de fax e o endere\u00e7o de correio eletr\u00f3nico do profissional]:<\/i><\/p><p class=\"p1\"><i>\u2014 Pela presente comunico\/comunicamos (*) que resolvo\/resolvemos (*) do meu\/nosso (*) contrato de compra e venda relativo ao seguinte bem\/para a presta\u00e7\u00e3o do seguinte servi\u00e7o (*)<\/i><\/p><p class=\"p1\"><i>\u2014 Solicitado em (*)\/recebido em (*)<\/i><\/p><p class=\"p1\"><i>\u2014 Nome do(s) consumidor(es)<\/i><\/p><p class=\"p1\"><i>\u2014 Endere\u00e7o do(s) consumidor(es)<\/i><\/p><p class=\"p1\"><i>\u2014 Assinatura do(s) consumidor(es) (s\u00f3 no caso de o presente formul\u00e1rio ser notificado em papel)<\/i><\/p><p class=\"p1\"><i>(*) Riscar o que n\u00e3o interessa \u00bb<\/i><\/p><p class=\"p1\"><i>Em qualquer caso, s\u00f3 ser\u00e3o aceites as devolu\u00e7\u00f5es de artigos que se encontrem sem qualquer vest\u00edgio de uso\/altera\u00e7\u00e3o, em perfeitas condi\u00e7\u00f5es originais e acompanhados de todos os acess\u00f3rios que os constituem. Cabe ao Cliente acondicionar devidamente os artigos a devolver.<\/i><\/p>\t\t\t\t\t\t\t\t<\/div>\n\t\t\t\t<\/div>\n\t\t\t\t<\/div>\n\t\t\t\t\t<\/div>\n\t\t\t\t<\/div>\n\t\t\t\t<\/div>\n\t\t","protected":false},"excerpt":{"rendered":"<p>Envio &#038; devolu\u00e7\u00f5es ENVIO As despesas de envio s\u00e3o as seguintes: PORTUGAL (Continental e Ilhas) &#8211; 4,90\u20ac EUROPA &#8211; 8,80\u20ac \u00a0 M\u00c9TODOS DE PAGAMENTO A COOLMOM disponibiliza-lhe os seguintes m\u00e9todos de pagamento: MBWAY &#8211;\u00a0indicar qual o contacto de telem\u00f3vel que vai realizar o pagamento e receber\u00e1 uma notifica\u00e7\u00e3o para confirma\u00e7\u00e3o do pagamento, que \u00e9 v\u00e1lida [&hellip;]<\/p>\n","protected":false},"author":1,"featured_media":0,"parent":0,"menu_order":0,"comment_status":"closed","ping_status":"closed","template":"elementor_header_footer","meta":{"_mo_disable_npp":"","footnotes":""},"class_list":["post-510","page","type-page","status-publish","hentry"],"aioseo_notices":[],"jetpack_sharing_enabled":true,"_links":{"self":[{"href":"https:\/\/shopcoolmom.com\/index.php\/wp-json\/wp\/v2\/pages\/510"}],"collection":[{"href":"https:\/\/shopcoolmom.com\/index.php\/wp-json\/wp\/v2\/pages"}],"about":[{"href":"https:\/\/shopcoolmom.com\/index.php\/wp-json\/wp\/v2\/types\/page"}],"author":[{"embeddable":true,"href":"https:\/\/shopcoolmom.com\/index.php\/wp-json\/wp\/v2\/users\/1"}],"replies":[{"embeddable":true,"href":"https:\/\/shopcoolmom.com\/index.php\/wp-json\/wp\/v2\/comments?post=510"}],"version-history":[{"count":4,"href":"https:\/\/shopcoolmom.com\/index.php\/wp-json\/wp\/v2\/pages\/510\/revisions"}],"predecessor-version":[{"id":514,"href":"https:\/\/shopcoolmom.com\/index.php\/wp-json\/wp\/v2\/pages\/510\/revisions\/514"}],"wp:attachment":[{"href":"https:\/\/shopcoolmom.com\/index.php\/wp-json\/wp\/v2\/media?parent=510"}],"curies":[{"name":"wp","href":"https:\/\/api.w.org\/{rel}","templated":true}]}}