{"id":362,"date":"2023-08-24T22:26:58","date_gmt":"2023-08-24T22:26:58","guid":{"rendered":"http:\/\/shmuel"},"modified":"2023-10-29T18:21:12","modified_gmt":"2023-10-29T18:21:12","slug":"camisa-shutup","status":"publish","type":"product","link":"https:\/\/shopcoolmom.com\/index.php\/product\/camisa-shutup\/","title":{"rendered":"CAMISA oversize &#8220;Shut Up&#8221;"},"content":{"rendered":"<p>Camisa branca oversize, com bordado no peito, colarinho e costas em preto.<\/p>\n<p><strong>COMPOSI\u00c7\u00c3O:<\/strong> 100% algod\u00e3o<\/p>\n","protected":false},"excerpt":{"rendered":"<p>Camisa branca oversize, com bordado no peito, colarinho e costas em preto. COMPOSI\u00c7\u00c3O: 100% algod\u00e3o<\/p>\n","protected":false},"featured_media":708,"comment_status":"open","ping_status":"closed","template":"","meta":{"_mo_disable_npp":""},"product_brand":[],"product_cat":[29],"product_tag":[],"class_list":{"0":"post-362","1":"product","2":"type-product","3":"status-publish","4":"has-post-thumbnail","6":"product_cat-blouse","7":"product_shipping_class-portes-fixos","8":"pa_size-m-l","9":"pa_size-s-m","11":"first","12":"instock","13":"featured","14":"shipping-taxable","15":"purchasable","16":"product-type-variable"},"aioseo_notices":[],"jetpack_sharing_enabled":true,"_links":{"self":[{"href":"https:\/\/shopcoolmom.com\/index.php\/wp-json\/wp\/v2\/product\/362"}],"collection":[{"href":"https:\/\/shopcoolmom.com\/index.php\/wp-json\/wp\/v2\/product"}],"about":[{"href":"https:\/\/shopcoolmom.com\/index.php\/wp-json\/wp\/v2\/types\/product"}],"replies":[{"embeddable":true,"href":"https:\/\/shopcoolmom.com\/index.php\/wp-json\/wp\/v2\/comments?post=362"}],"version-history":[{"count":2,"href":"https:\/\/shopcoolmom.com\/index.php\/wp-json\/wp\/v2\/product\/362\/revisions"}],"predecessor-version":[{"id":618,"href":"https:\/\/shopcoolmom.com\/index.php\/wp-json\/wp\/v2\/product\/362\/revisions\/618"}],"wp:featuredmedia":[{"embeddable":true,"href":"https:\/\/shopcoolmom.com\/index.php\/wp-json\/wp\/v2\/media\/708"}],"wp:attachment":[{"href":"https:\/\/shopcoolmom.com\/index.php\/wp-json\/wp\/v2\/media?parent=362"}],"wp:term":[{"taxonomy":"product_brand","embeddable":true,"href":"https:\/\/shopcoolmom.com\/index.php\/wp-json\/wp\/v2\/product_brand?post=362"},{"taxonomy":"product_cat","embeddable":true,"href":"https:\/\/shopcoolmom.com\/index.php\/wp-json\/wp\/v2\/product_cat?post=362"},{"taxonomy":"product_tag","embeddable":true,"href":"https:\/\/shopcoolmom.com\/index.php\/wp-json\/wp\/v2\/product_tag?post=362"}],"curies":[{"name":"wp","href":"https:\/\/api.w.org\/{rel}","templated":true}]}}