{"id":363,"date":"2023-08-24T22:26:58","date_gmt":"2023-08-24T22:26:58","guid":{"rendered":"http:\/\/shmuel"},"modified":"2023-10-29T14:24:35","modified_gmt":"2023-10-29T14:24:35","slug":"kimono-edicion","status":"publish","type":"product","link":"https:\/\/shopcoolmom.com\/index.php\/product\/kimono-edicion\/","title":{"rendered":"KIMONO + PANTALONAS &#8220;edicion limitadisima&#8221;"},"content":{"rendered":"<p>Conjunto kimono + pantalonas em vermelho.<\/p>\n<p>Bordado nas costas do kimono, na cor preta, &#8220;edicion limitadisima&#8221;<\/p>\n<p>Tamanho \u00fanico (veste do XS ao L)<\/p>\n<p><strong>COMPOSI\u00c7\u00c3O:<\/strong> 100%viscose<\/p>\n","protected":false},"excerpt":{"rendered":"<p>Conjunto kimono + pantalonas em vermelho. Bordado nas costas do kimono, na cor preta, &#8220;edicion limitadisima&#8221; Tamanho \u00fanico (veste do XS ao L) COMPOSI\u00c7\u00c3O: 100%viscose<\/p>\n","protected":false},"featured_media":760,"comment_status":"open","ping_status":"closed","template":"","meta":{"_mo_disable_npp":""},"product_brand":[],"product_cat":[30],"product_tag":[],"class_list":{"0":"post-363","1":"product","2":"type-product","3":"status-publish","4":"has-post-thumbnail","6":"product_cat-lifestyle","7":"product_shipping_class-portes-fixos","9":"first","10":"instock","11":"featured","12":"shipping-taxable","13":"purchasable","14":"product-type-simple"},"aioseo_notices":[],"jetpack_sharing_enabled":true,"_links":{"self":[{"href":"https:\/\/shopcoolmom.com\/index.php\/wp-json\/wp\/v2\/product\/363"}],"collection":[{"href":"https:\/\/shopcoolmom.com\/index.php\/wp-json\/wp\/v2\/product"}],"about":[{"href":"https:\/\/shopcoolmom.com\/index.php\/wp-json\/wp\/v2\/types\/product"}],"replies":[{"embeddable":true,"href":"https:\/\/shopcoolmom.com\/index.php\/wp-json\/wp\/v2\/comments?post=363"}],"version-history":[{"count":1,"href":"https:\/\/shopcoolmom.com\/index.php\/wp-json\/wp\/v2\/product\/363\/revisions"}],"predecessor-version":[{"id":599,"href":"https:\/\/shopcoolmom.com\/index.php\/wp-json\/wp\/v2\/product\/363\/revisions\/599"}],"wp:featuredmedia":[{"embeddable":true,"href":"https:\/\/shopcoolmom.com\/index.php\/wp-json\/wp\/v2\/media\/760"}],"wp:attachment":[{"href":"https:\/\/shopcoolmom.com\/index.php\/wp-json\/wp\/v2\/media?parent=363"}],"wp:term":[{"taxonomy":"product_brand","embeddable":true,"href":"https:\/\/shopcoolmom.com\/index.php\/wp-json\/wp\/v2\/product_brand?post=363"},{"taxonomy":"product_cat","embeddable":true,"href":"https:\/\/shopcoolmom.com\/index.php\/wp-json\/wp\/v2\/product_cat?post=363"},{"taxonomy":"product_tag","embeddable":true,"href":"https:\/\/shopcoolmom.com\/index.php\/wp-json\/wp\/v2\/product_tag?post=363"}],"curies":[{"name":"wp","href":"https:\/\/api.w.org\/{rel}","templated":true}]}}