{"id":366,"date":"2023-08-24T22:26:58","date_gmt":"2023-08-24T22:26:58","guid":{"rendered":"http:\/\/shmuel"},"modified":"2023-10-29T18:21:12","modified_gmt":"2023-10-29T18:21:12","slug":"shoppingbag-everythinginside","status":"publish","type":"product","link":"https:\/\/shopcoolmom.com\/index.php\/product\/shoppingbag-everythinginside\/","title":{"rendered":"SHOPPING BAG &#8220;Everything Inside&#8221;"},"content":{"rendered":"<p>ShoppingBag em algod\u00e3o preto, bordado na cor cru.<\/p>\n<p><strong>TAMANHO:<\/strong> 37x49x14cm (axlxc)<\/p>\n<p><strong>COMPOSI\u00c7\u00c3O:<\/strong> 80%algod\u00e3o reciclado \/ 20% polyester reciclado<\/p>\n","protected":false},"excerpt":{"rendered":"<p>ShoppingBag em algod\u00e3o preto, bordado na cor cru. TAMANHO: 37x49x14cm (axlxc) COMPOSI\u00c7\u00c3O: 80%algod\u00e3o reciclado \/ 20% polyester reciclado<\/p>\n","protected":false},"featured_media":750,"comment_status":"open","ping_status":"closed","template":"","meta":{"_mo_disable_npp":""},"product_brand":[],"product_cat":[30],"product_tag":[],"class_list":{"0":"post-366","1":"product","2":"type-product","3":"status-publish","4":"has-post-thumbnail","6":"product_cat-lifestyle","7":"product_shipping_class-portes-fixos","9":"first","10":"instock","11":"shipping-taxable","12":"purchasable","13":"product-type-simple"},"aioseo_notices":[],"jetpack_sharing_enabled":true,"_links":{"self":[{"href":"https:\/\/shopcoolmom.com\/index.php\/wp-json\/wp\/v2\/product\/366"}],"collection":[{"href":"https:\/\/shopcoolmom.com\/index.php\/wp-json\/wp\/v2\/product"}],"about":[{"href":"https:\/\/shopcoolmom.com\/index.php\/wp-json\/wp\/v2\/types\/product"}],"replies":[{"embeddable":true,"href":"https:\/\/shopcoolmom.com\/index.php\/wp-json\/wp\/v2\/comments?post=366"}],"version-history":[{"count":1,"href":"https:\/\/shopcoolmom.com\/index.php\/wp-json\/wp\/v2\/product\/366\/revisions"}],"predecessor-version":[{"id":752,"href":"https:\/\/shopcoolmom.com\/index.php\/wp-json\/wp\/v2\/product\/366\/revisions\/752"}],"wp:featuredmedia":[{"embeddable":true,"href":"https:\/\/shopcoolmom.com\/index.php\/wp-json\/wp\/v2\/media\/750"}],"wp:attachment":[{"href":"https:\/\/shopcoolmom.com\/index.php\/wp-json\/wp\/v2\/media?parent=366"}],"wp:term":[{"taxonomy":"product_brand","embeddable":true,"href":"https:\/\/shopcoolmom.com\/index.php\/wp-json\/wp\/v2\/product_brand?post=366"},{"taxonomy":"product_cat","embeddable":true,"href":"https:\/\/shopcoolmom.com\/index.php\/wp-json\/wp\/v2\/product_cat?post=366"},{"taxonomy":"product_tag","embeddable":true,"href":"https:\/\/shopcoolmom.com\/index.php\/wp-json\/wp\/v2\/product_tag?post=366"}],"curies":[{"name":"wp","href":"https:\/\/api.w.org\/{rel}","templated":true}]}}