{"id":587,"date":"2023-10-25T19:19:37","date_gmt":"2023-10-25T19:19:37","guid":{"rendered":"https:\/\/shopcoolmom.com\/?post_type=product&#038;p=587"},"modified":"2023-11-12T20:55:09","modified_gmt":"2023-11-12T20:55:09","slug":"sweater-coolmom","status":"publish","type":"product","link":"https:\/\/shopcoolmom.com\/index.php\/product\/sweater-coolmom\/","title":{"rendered":"SWEATER &#8220;coolmom&#8221;"},"content":{"rendered":"<p>Sweater sem carda, regular fit, em rosa<\/p>\n<p>Bordado no peito e nas costas na cor vermelho.<\/p>\n<p><strong>COMPOSI\u00c7\u00c3O:<\/strong> 85%algod\u00e3o reciclado \/ 15% polyester reciclado<\/p>\n<p>&nbsp;<\/p>\n","protected":false},"excerpt":{"rendered":"<p>Sweater sem carda, regular fit, em rosa Bordado no peito e nas costas na cor vermelho. COMPOSI\u00c7\u00c3O: 85%algod\u00e3o reciclado \/ 15% polyester reciclado &nbsp;<\/p>\n","protected":false},"featured_media":673,"comment_status":"open","ping_status":"closed","template":"","meta":{"_mo_disable_npp":""},"product_brand":[],"product_cat":[28],"product_tag":[],"class_list":{"0":"post-587","1":"product","2":"type-product","3":"status-publish","4":"has-post-thumbnail","6":"product_cat-sweatshirts","7":"product_shipping_class-portes-fixos","8":"pa_size-m-l","9":"pa_size-s-m","11":"first","12":"instock","13":"shipping-taxable","14":"purchasable","15":"product-type-variable"},"aioseo_notices":[],"jetpack_sharing_enabled":true,"_links":{"self":[{"href":"https:\/\/shopcoolmom.com\/index.php\/wp-json\/wp\/v2\/product\/587"}],"collection":[{"href":"https:\/\/shopcoolmom.com\/index.php\/wp-json\/wp\/v2\/product"}],"about":[{"href":"https:\/\/shopcoolmom.com\/index.php\/wp-json\/wp\/v2\/types\/product"}],"replies":[{"embeddable":true,"href":"https:\/\/shopcoolmom.com\/index.php\/wp-json\/wp\/v2\/comments?post=587"}],"version-history":[{"count":1,"href":"https:\/\/shopcoolmom.com\/index.php\/wp-json\/wp\/v2\/product\/587\/revisions"}],"predecessor-version":[{"id":674,"href":"https:\/\/shopcoolmom.com\/index.php\/wp-json\/wp\/v2\/product\/587\/revisions\/674"}],"wp:featuredmedia":[{"embeddable":true,"href":"https:\/\/shopcoolmom.com\/index.php\/wp-json\/wp\/v2\/media\/673"}],"wp:attachment":[{"href":"https:\/\/shopcoolmom.com\/index.php\/wp-json\/wp\/v2\/media?parent=587"}],"wp:term":[{"taxonomy":"product_brand","embeddable":true,"href":"https:\/\/shopcoolmom.com\/index.php\/wp-json\/wp\/v2\/product_brand?post=587"},{"taxonomy":"product_cat","embeddable":true,"href":"https:\/\/shopcoolmom.com\/index.php\/wp-json\/wp\/v2\/product_cat?post=587"},{"taxonomy":"product_tag","embeddable":true,"href":"https:\/\/shopcoolmom.com\/index.php\/wp-json\/wp\/v2\/product_tag?post=587"}],"curies":[{"name":"wp","href":"https:\/\/api.w.org\/{rel}","templated":true}]}}