{"id":623,"date":"2023-10-25T21:55:13","date_gmt":"2023-10-25T21:55:13","guid":{"rendered":"https:\/\/shopcoolmom.com\/?post_type=product&#038;p=623"},"modified":"2023-10-29T14:16:10","modified_gmt":"2023-10-29T14:16:10","slug":"sweater-sorry","status":"publish","type":"product","link":"https:\/\/shopcoolmom.com\/index.php\/product\/sweater-sorry\/","title":{"rendered":"SWEATER &#8220;Sorry&#8221; personaliz\u00e1vel"},"content":{"rendered":"<p>Sweater sem carda, regular fit, em p\u00e9rola\/cru<\/p>\n<p>Bordado no peito personaliz\u00e1vel com iniciais (at\u00e9 3 letras) e bordada nas costas em tom cru.<\/p>\n<p><strong>COMPOSI\u00c7\u00c3O:<\/strong> 85%algod\u00e3o reciclado \/ 15% polyester reciclado<\/p>\n<p>&nbsp;<\/p>\n","protected":false},"excerpt":{"rendered":"<p>Sweater sem carda, regular fit, em p\u00e9rola\/cru Bordado no peito personaliz\u00e1vel com iniciais (at\u00e9 3 letras) e bordada nas costas em tom cru. COMPOSI\u00c7\u00c3O: 85%algod\u00e3o reciclado \/ 15% polyester reciclado &nbsp;<\/p>\n","protected":false},"featured_media":699,"comment_status":"open","ping_status":"closed","template":"","meta":{"_mo_disable_npp":""},"product_brand":[],"product_cat":[28],"product_tag":[],"class_list":{"0":"post-623","1":"product","2":"type-product","3":"status-publish","4":"has-post-thumbnail","6":"product_cat-sweatshirts","7":"product_shipping_class-portes-fixos","8":"pa_size-m-l","9":"pa_size-s-m","11":"first","12":"instock","13":"shipping-taxable","14":"purchasable","15":"product-type-variable"},"aioseo_notices":[],"jetpack_sharing_enabled":true,"_links":{"self":[{"href":"https:\/\/shopcoolmom.com\/index.php\/wp-json\/wp\/v2\/product\/623"}],"collection":[{"href":"https:\/\/shopcoolmom.com\/index.php\/wp-json\/wp\/v2\/product"}],"about":[{"href":"https:\/\/shopcoolmom.com\/index.php\/wp-json\/wp\/v2\/types\/product"}],"replies":[{"embeddable":true,"href":"https:\/\/shopcoolmom.com\/index.php\/wp-json\/wp\/v2\/comments?post=623"}],"version-history":[{"count":1,"href":"https:\/\/shopcoolmom.com\/index.php\/wp-json\/wp\/v2\/product\/623\/revisions"}],"predecessor-version":[{"id":626,"href":"https:\/\/shopcoolmom.com\/index.php\/wp-json\/wp\/v2\/product\/623\/revisions\/626"}],"wp:featuredmedia":[{"embeddable":true,"href":"https:\/\/shopcoolmom.com\/index.php\/wp-json\/wp\/v2\/media\/699"}],"wp:attachment":[{"href":"https:\/\/shopcoolmom.com\/index.php\/wp-json\/wp\/v2\/media?parent=623"}],"wp:term":[{"taxonomy":"product_brand","embeddable":true,"href":"https:\/\/shopcoolmom.com\/index.php\/wp-json\/wp\/v2\/product_brand?post=623"},{"taxonomy":"product_cat","embeddable":true,"href":"https:\/\/shopcoolmom.com\/index.php\/wp-json\/wp\/v2\/product_cat?post=623"},{"taxonomy":"product_tag","embeddable":true,"href":"https:\/\/shopcoolmom.com\/index.php\/wp-json\/wp\/v2\/product_tag?post=623"}],"curies":[{"name":"wp","href":"https:\/\/api.w.org\/{rel}","templated":true}]}}